{"id":1288,"date":"2021-08-13T10:40:23","date_gmt":"2021-08-13T08:40:23","guid":{"rendered":"https:\/\/www.loeffelslandhaus.de\/?page_id=1288"},"modified":"2021-08-13T10:52:03","modified_gmt":"2021-08-13T08:52:03","slug":"experience-muenstermaifeld","status":"publish","type":"page","link":"https:\/\/www.loeffelslandhaus.de\/en\/tourism\/experience-muenstermaifeld\/","title":{"rendered":"Experience M\u00fcnstermaifeld"},"content":{"rendered":"<div id=\"cs-content\" class=\"cs-content\"><\/div>\n","protected":false},"excerpt":{"rendered":"<p>Experience M\u00fcnstermaifeldGuided tours of historic M\u00fcnstermaifeldM\u00fcnstermaifeld looks back on a history of more than 1400 years. It has a mighty, in its origins Romanesque church with a particularly worth seeing and rare timbering. The townscape is picturesque and medieval with houses from a time when a monastery dominated events within the town walls and the wider surroundings. Book a city &#8230; <a href=\"https:\/\/www.loeffelslandhaus.de\/en\/tourism\/experience-muenstermaifeld\/\" class=\"more-link\">Read More<\/a><\/p>\n","protected":false},"author":3,"featured_media":0,"parent":287,"menu_order":0,"comment_status":"closed","ping_status":"closed","template":"template-blank-4.php","meta":{"footnotes":""},"class_list":["post-1288","page","type-page","status-publish","hentry","no-post-thumbnail"],"_links":{"self":[{"href":"https:\/\/www.loeffelslandhaus.de\/en\/wp-json\/wp\/v2\/pages\/1288","targetHints":{"allow":["GET"]}}],"collection":[{"href":"https:\/\/www.loeffelslandhaus.de\/en\/wp-json\/wp\/v2\/pages"}],"about":[{"href":"https:\/\/www.loeffelslandhaus.de\/en\/wp-json\/wp\/v2\/types\/page"}],"author":[{"embeddable":true,"href":"https:\/\/www.loeffelslandhaus.de\/en\/wp-json\/wp\/v2\/users\/3"}],"replies":[{"embeddable":true,"href":"https:\/\/www.loeffelslandhaus.de\/en\/wp-json\/wp\/v2\/comments?post=1288"}],"version-history":[{"count":2,"href":"https:\/\/www.loeffelslandhaus.de\/en\/wp-json\/wp\/v2\/pages\/1288\/revisions"}],"predecessor-version":[{"id":1290,"href":"https:\/\/www.loeffelslandhaus.de\/en\/wp-json\/wp\/v2\/pages\/1288\/revisions\/1290"}],"up":[{"embeddable":true,"href":"https:\/\/www.loeffelslandhaus.de\/en\/wp-json\/wp\/v2\/pages\/287"}],"wp:attachment":[{"href":"https:\/\/www.loeffelslandhaus.de\/en\/wp-json\/wp\/v2\/media?parent=1288"}],"curies":[{"name":"wp","href":"https:\/\/api.w.org\/{rel}","templated":true}]}}