{"id":283,"date":"2021-01-09T20:15:43","date_gmt":"2021-01-09T19:15:43","guid":{"rendered":"https:\/\/dev1.weber-webdesign.de\/?page_id=283"},"modified":"2021-03-19T16:41:28","modified_gmt":"2021-03-19T15:41:28","slug":"legal","status":"publish","type":"page","link":"https:\/\/www.loeffelslandhaus.de\/en\/contact\/legal\/","title":{"rendered":"Impressum &#8211; Legal Notice"},"content":{"rendered":"<div id=\"cs-content\" class=\"cs-content\"><\/div>\n","protected":false},"excerpt":{"rendered":"<p>Legal NoticeInformation according to \u00a7 5 TMGG\u00fcnter L\u00f6ffel L\u00f6ffels Landhaus Obertorstr. 42 56294 M\u00fcnstermaifeld Contact Phone: 02605 \/ 953 773 Fax: 02605 \/ 961 290 E-Mail:\u00a0info@loeffelslandhaus.de VAT Information Identification number according to \u00a727 a VAT Law: DE195761610Implementation and DesignWeber Webdesign www.weber-webdesign.de Liability for contentsAs a service provider, we are responsible for our own content on these pages in accordance with &#8230; <a href=\"https:\/\/www.loeffelslandhaus.de\/en\/contact\/legal\/\" class=\"more-link\">Read More<\/a><\/p>\n","protected":false},"author":3,"featured_media":0,"parent":281,"menu_order":0,"comment_status":"closed","ping_status":"closed","template":"template-blank-4.php","meta":{"footnotes":""},"class_list":["post-283","page","type-page","status-publish","hentry","no-post-thumbnail"],"_links":{"self":[{"href":"https:\/\/www.loeffelslandhaus.de\/en\/wp-json\/wp\/v2\/pages\/283","targetHints":{"allow":["GET"]}}],"collection":[{"href":"https:\/\/www.loeffelslandhaus.de\/en\/wp-json\/wp\/v2\/pages"}],"about":[{"href":"https:\/\/www.loeffelslandhaus.de\/en\/wp-json\/wp\/v2\/types\/page"}],"author":[{"embeddable":true,"href":"https:\/\/www.loeffelslandhaus.de\/en\/wp-json\/wp\/v2\/users\/3"}],"replies":[{"embeddable":true,"href":"https:\/\/www.loeffelslandhaus.de\/en\/wp-json\/wp\/v2\/comments?post=283"}],"version-history":[{"count":23,"href":"https:\/\/www.loeffelslandhaus.de\/en\/wp-json\/wp\/v2\/pages\/283\/revisions"}],"predecessor-version":[{"id":1148,"href":"https:\/\/www.loeffelslandhaus.de\/en\/wp-json\/wp\/v2\/pages\/283\/revisions\/1148"}],"up":[{"embeddable":true,"href":"https:\/\/www.loeffelslandhaus.de\/en\/wp-json\/wp\/v2\/pages\/281"}],"wp:attachment":[{"href":"https:\/\/www.loeffelslandhaus.de\/en\/wp-json\/wp\/v2\/media?parent=283"}],"curies":[{"name":"wp","href":"https:\/\/api.w.org\/{rel}","templated":true}]}}