{"id":299,"date":"2021-01-09T20:23:39","date_gmt":"2021-01-09T19:23:39","guid":{"rendered":"https:\/\/dev1.weber-webdesign.de\/?page_id=299"},"modified":"2022-09-30T14:22:58","modified_gmt":"2022-09-30T12:22:58","slug":"where-to-find-us","status":"publish","type":"page","link":"https:\/\/www.loeffelslandhaus.de\/en\/contact\/where-to-find-us\/","title":{"rendered":"Where to find us"},"content":{"rendered":"<div id=\"cs-content\" class=\"cs-content\"><\/div>\n","protected":false},"excerpt":{"rendered":"<p>Where to find usAddressL\u00f6ffels Landhaus Owner G\u00fcnter L\u00f6ffel Obertorstr. 42 56294 M\u00fcnstermaifeldPhone02605 \/ 953 773E-Mailinfo@loeffelslandhaus.deHow to reach usComing from CologneTake the A61 to the Koblenz intersection, then take the A48 in the direction of Trier to the Polch \/ M\u00fcnstermaifeld exit.Coming from FrankfurtTake the A3 to Dernbacher Dreieck, then the A48 to the M\u00fcnstermaifeld exit.Coming from Mainz Take the A61 &#8230; <a href=\"https:\/\/www.loeffelslandhaus.de\/en\/contact\/where-to-find-us\/\" class=\"more-link\">Read More<\/a><\/p>\n","protected":false},"author":3,"featured_media":0,"parent":281,"menu_order":0,"comment_status":"closed","ping_status":"closed","template":"template-blank-4.php","meta":{"footnotes":""},"class_list":["post-299","page","type-page","status-publish","hentry","no-post-thumbnail"],"_links":{"self":[{"href":"https:\/\/www.loeffelslandhaus.de\/en\/wp-json\/wp\/v2\/pages\/299","targetHints":{"allow":["GET"]}}],"collection":[{"href":"https:\/\/www.loeffelslandhaus.de\/en\/wp-json\/wp\/v2\/pages"}],"about":[{"href":"https:\/\/www.loeffelslandhaus.de\/en\/wp-json\/wp\/v2\/types\/page"}],"author":[{"embeddable":true,"href":"https:\/\/www.loeffelslandhaus.de\/en\/wp-json\/wp\/v2\/users\/3"}],"replies":[{"embeddable":true,"href":"https:\/\/www.loeffelslandhaus.de\/en\/wp-json\/wp\/v2\/comments?post=299"}],"version-history":[{"count":15,"href":"https:\/\/www.loeffelslandhaus.de\/en\/wp-json\/wp\/v2\/pages\/299\/revisions"}],"predecessor-version":[{"id":1086,"href":"https:\/\/www.loeffelslandhaus.de\/en\/wp-json\/wp\/v2\/pages\/299\/revisions\/1086"}],"up":[{"embeddable":true,"href":"https:\/\/www.loeffelslandhaus.de\/en\/wp-json\/wp\/v2\/pages\/281"}],"wp:attachment":[{"href":"https:\/\/www.loeffelslandhaus.de\/en\/wp-json\/wp\/v2\/media?parent=299"}],"curies":[{"name":"wp","href":"https:\/\/api.w.org\/{rel}","templated":true}]}}